{"id":258,"date":"2026-04-11T15:54:21","date_gmt":"2026-04-11T13:54:21","guid":{"rendered":"https:\/\/dieolive-donercatering.de\/?post_type=product&#038;p=258"},"modified":"2026-04-11T17:30:50","modified_gmt":"2026-04-11T15:30:50","slug":"gemuese-doenertasche","status":"publish","type":"product","link":"https:\/\/dieolive-donercatering.de\/index.php\/produkt\/gemuese-doenertasche\/","title":{"rendered":"Gem\u00fcse D\u00f6nertasche"},"content":{"rendered":"<p>Fladenbrot mit D\u00f6nerfleisch, gegrilltem Gem\u00fcse, Salat und Cocktailsauce<\/p>\n","protected":false},"excerpt":{"rendered":"<p>Fladenbrot mit D\u00f6nerfleisch, gegrilltem Gem\u00fcse, Salat und Cocktailsauce<\/p>\n","protected":false},"featured_media":0,"comment_status":"open","ping_status":"closed","template":"","meta":[],"product_brand":[],"product_cat":[22],"product_tag":[33],"class_list":{"0":"post-258","1":"product","2":"type-product","3":"status-publish","5":"product_cat-auf-die-hand","6":"product_tag-fladenbrottasche-gefuellt","8":"first","9":"instock","10":"shipping-taxable","11":"purchasable","12":"product-type-simple"},"_links":{"self":[{"href":"https:\/\/dieolive-donercatering.de\/index.php\/wp-json\/wp\/v2\/product\/258","targetHints":{"allow":["GET"]}}],"collection":[{"href":"https:\/\/dieolive-donercatering.de\/index.php\/wp-json\/wp\/v2\/product"}],"about":[{"href":"https:\/\/dieolive-donercatering.de\/index.php\/wp-json\/wp\/v2\/types\/product"}],"replies":[{"embeddable":true,"href":"https:\/\/dieolive-donercatering.de\/index.php\/wp-json\/wp\/v2\/comments?post=258"}],"wp:attachment":[{"href":"https:\/\/dieolive-donercatering.de\/index.php\/wp-json\/wp\/v2\/media?parent=258"}],"wp:term":[{"taxonomy":"product_brand","embeddable":true,"href":"https:\/\/dieolive-donercatering.de\/index.php\/wp-json\/wp\/v2\/product_brand?post=258"},{"taxonomy":"product_cat","embeddable":true,"href":"https:\/\/dieolive-donercatering.de\/index.php\/wp-json\/wp\/v2\/product_cat?post=258"},{"taxonomy":"product_tag","embeddable":true,"href":"https:\/\/dieolive-donercatering.de\/index.php\/wp-json\/wp\/v2\/product_tag?post=258"}],"curies":[{"name":"wp","href":"https:\/\/api.w.org\/{rel}","templated":true}]}}